{"id":152,"date":"2018-11-13T15:01:07","date_gmt":"2018-11-13T14:01:07","guid":{"rendered":"https:\/\/themes.getmotopress.com\/palmeria\/?page_id=152"},"modified":"2023-04-13T17:20:58","modified_gmt":"2023-04-13T15:20:58","slug":"nos-services","status":"publish","type":"page","link":"https:\/\/gitesaintchristophe.fr\/index.php\/nos-services\/","title":{"rendered":"Nos Services"},"content":{"rendered":"\n<p class=\"has-text-align-center\">Nous mettons \u00e0 votre disposition une large gamme d&rsquo;\u00e9quipements pour r\u00e9pondre \u00e0 tous vos besoins, que vous s\u00e9journiez chez nous pour une courte ou une longue dur\u00e9e, pour des raisons professionnelles ou pour vous d\u00e9tendre. Profitez de l&rsquo;acc\u00e8s gratuit \u00e0 Internet ainsi que des serviettes de bain, et bien d&rsquo;autres commodit\u00e9s pour agr\u00e9menter votre s\u00e9jour chez nous.<\/p>\n\n\n\n<p class=\"has-text-align-center\">Pendant votre s\u00e9jour, il est \u00e9galement possible d&rsquo;ajouter des services suppl\u00e9mentaires moyennant des frais suppl\u00e9mentaires, notamment:<\/p>\n\n\n\n<div style=\"height:100px\" aria-hidden=\"true\" class=\"wp-block-spacer\"><\/div>\n\n\n\n<div class=\"wp-block-media-text alignwide is-stacked-on-mobile\" style=\"grid-template-columns:37% auto\"><figure class=\"wp-block-media-text__media\"><img loading=\"lazy\" decoding=\"async\" width=\"679\" height=\"679\" src=\"https:\/\/gitesaintchristophe.fr\/wp-content\/uploads\/2023\/02\/61g2pH0erL._AC_SX679_.jpg\" alt=\"\" class=\"wp-image-896 size-full\" srcset=\"https:\/\/gitesaintchristophe.fr\/wp-content\/uploads\/2023\/02\/61g2pH0erL._AC_SX679_.jpg 679w, https:\/\/gitesaintchristophe.fr\/wp-content\/uploads\/2023\/02\/61g2pH0erL._AC_SX679_-300x300.jpg 300w, https:\/\/gitesaintchristophe.fr\/wp-content\/uploads\/2023\/02\/61g2pH0erL._AC_SX679_-150x150.jpg 150w\" sizes=\"auto, (max-width: 679px) 100vw, 679px\" \/><\/figure><div class=\"wp-block-media-text__content\">\n<h3 class=\"wp-block-heading\">Champagne Mumm Cordon Rouge<\/h3>\n\n\n\n<p>Offrez-vous un moment de pure \u00e9l\u00e9gance en savourant chaque gorg\u00e9e de ce champagne exceptionnel. Que ce soit pour c\u00e9l\u00e9brer une occasion sp\u00e9ciale ou simplement pour profiter d&rsquo;un moment de d\u00e9tente, le champagne Mumm Cordon Rouge est le choix parfait.<\/p>\n\n\n\n<p>Prix: <em>45\u20ac \/ bouteille<\/em><\/p>\n<\/div><\/div>\n","protected":false},"excerpt":{"rendered":"<p>Nous mettons \u00e0 votre disposition une large gamme d&rsquo;\u00e9quipements pour r\u00e9pondre \u00e0 tous vos besoins, que vous s\u00e9journiez chez nous pour une courte ou une longue dur\u00e9e, pour des raisons professionnelles ou pour vous d\u00e9tendre. Profitez de l&rsquo;acc\u00e8s gratuit \u00e0 Internet ainsi que des serviettes de bain, et bien d&rsquo;autres commodit\u00e9s pour agr\u00e9menter votre s\u00e9jour [&hellip;]<\/p>\n","protected":false},"author":1,"featured_media":0,"parent":0,"menu_order":0,"comment_status":"closed","ping_status":"closed","template":"template-wide-page.php","meta":{"_uag_custom_page_level_css":"","footnotes":""},"class_list":["post-152","page","type-page","status-publish","hentry"],"uagb_featured_image_src":{"full":false,"thumbnail":false,"medium":false,"medium_large":false,"large":false,"1536x1536":false,"2048x2048":false,"post-thumbnail":false,"palmeria-cropped":false,"palmeria-thumbnail-cropped":false,"palmeria-square":false,"palmeria-x-large":false},"uagb_author_info":{"display_name":"admin","author_link":"https:\/\/gitesaintchristophe.fr\/author\/admin\/"},"uagb_comment_info":0,"uagb_excerpt":"Nous mettons \u00e0 votre disposition une large gamme d&rsquo;\u00e9quipements pour r\u00e9pondre \u00e0 tous vos besoins, que vous s\u00e9journiez chez nous pour une courte ou une longue dur\u00e9e, pour des raisons professionnelles ou pour vous d\u00e9tendre. Profitez de l&rsquo;acc\u00e8s gratuit \u00e0 Internet ainsi que des serviettes de bain, et bien d&rsquo;autres commodit\u00e9s pour agr\u00e9menter votre s\u00e9jour\u2026","_links":{"self":[{"href":"https:\/\/gitesaintchristophe.fr\/index.php\/wp-json\/wp\/v2\/pages\/152","targetHints":{"allow":["GET"]}}],"collection":[{"href":"https:\/\/gitesaintchristophe.fr\/index.php\/wp-json\/wp\/v2\/pages"}],"about":[{"href":"https:\/\/gitesaintchristophe.fr\/index.php\/wp-json\/wp\/v2\/types\/page"}],"author":[{"embeddable":true,"href":"https:\/\/gitesaintchristophe.fr\/index.php\/wp-json\/wp\/v2\/users\/1"}],"replies":[{"embeddable":true,"href":"https:\/\/gitesaintchristophe.fr\/index.php\/wp-json\/wp\/v2\/comments?post=152"}],"version-history":[{"count":17,"href":"https:\/\/gitesaintchristophe.fr\/index.php\/wp-json\/wp\/v2\/pages\/152\/revisions"}],"predecessor-version":[{"id":1021,"href":"https:\/\/gitesaintchristophe.fr\/index.php\/wp-json\/wp\/v2\/pages\/152\/revisions\/1021"}],"wp:attachment":[{"href":"https:\/\/gitesaintchristophe.fr\/index.php\/wp-json\/wp\/v2\/media?parent=152"}],"curies":[{"name":"wp","href":"https:\/\/api.w.org\/{rel}","templated":true}]}}