{"id":166,"date":"2018-11-13T16:35:09","date_gmt":"2018-11-13T15:35:09","guid":{"rendered":"https:\/\/themes.getmotopress.com\/palmeria\/?page_id=166"},"modified":"2024-02-14T17:26:42","modified_gmt":"2024-02-14T16:26:42","slug":"contact","status":"publish","type":"page","link":"https:\/\/gitesaintchristophe.fr\/index.php\/contact\/","title":{"rendered":"Contactez Nous"},"content":{"rendered":"\n<div class=\"wp-block-columns has-2-columns is-layout-flex wp-container-core-columns-is-layout-9d6595d7 wp-block-columns-is-layout-flex\">\n<div class=\"wp-block-column is-layout-flow wp-block-column-is-layout-flow\">\n<h3 class=\"wp-block-heading\">Nos Contacts !<\/h3>\n\n\n\n<p><a href=\"tel:+33786994652\">+33 786994652<\/a><br><a href=\"mailto:contact@gitesaintchristophe.fr\">contact@gitesaintchristophe.fr<\/a><\/p>\n\n\n\n<div style=\"height:10px\" class=\"wp-block-spacer\"><\/div>\n\n\n\n<p>595 Chemin des Abeilles,<br>84110, VAISON LA ROMAINE<\/p>\n\n\n\n<h3 class=\"wp-block-heading\">Nous Rejoindre !<\/h3>\n\n\n\n<figure><iframe src=\"https:\/\/www.google.com\/maps\/embed?pb=!1m18!1m12!1m3!1d2858.154785346141!2d5.05692001570507!3d44.24505712197447!2m3!1f0!2f0!3f0!3m2!1i1024!2i768!4f13.1!3m3!1m2!1s0x12b581bd874f8395%3A0xdd3f4b533db91ebe!2sGite%20Saint%20Christophe!5e0!3m2!1sfr!2sfr!4v1676230920849!5m2!1sfr!2sfr\" style=\"border:0;\" allowfullscreen=\"\" loading=\"lazy\" referrerpolicy=\"no-referrer-when-downgrade\" width=\"600\" height=\"520\"><\/iframe><\/figure>\n<\/div>\n\n\n\n<div class=\"wp-block-column is-layout-flow wp-block-column-is-layout-flow\">\n<h3 class=\"wp-block-heading\">Laissez-nous un message !<\/h3>\n\n\n\n<div class=\"wp-block-uagb-forms uagb-forms__outer-wrap uagb-block-ea696735 uagb-forms__medium-btn\"><form class=\"uagb-forms-main-form\" method=\"post\" autocomplete=\"on\" name=\"uagb-form-ea696735\">\n<div class=\"wp-block-uagb-forms-name uagb-forms-name-wrap uagb-forms-field-set uagb-block-acd114aa\"><div class=\"uagb-forms-name-label required uagb-forms-input-label\" id=\"acd114aa\">Pr\u00e9nom<\/div><input type=\"text\" placeholder=\"John\" required class=\"uagb-forms-name-input uagb-forms-input\" name=\"acd114aa\" autocomplete=\"given-name\"\/><\/div>\n\n\n\n<div class=\"wp-block-uagb-forms-name uagb-forms-name-wrap uagb-forms-field-set uagb-block-fd952a93\"><div class=\"uagb-forms-name-label required uagb-forms-input-label\" id=\"fd952a93\">Nom de Famille<\/div><input type=\"text\" placeholder=\"Doe\" required class=\"uagb-forms-name-input uagb-forms-input\" name=\"fd952a93\" autocomplete=\"family-name\"\/><\/div>\n\n\n\n<div class=\"wp-block-uagb-forms-email uagb-forms-email-wrap uagb-forms-field-set uagb-block-3f17fb62\"><div class=\"uagb-forms-email-label required uagb-forms-input-label\" id=\"3f17fb62\">E-mail<\/div><input type=\"email\" class=\"uagb-forms-email-input uagb-forms-input\" placeholder=\"exemple@mail.com\" required name=\"3f17fb62\" autocomplete=\"email\"\/><\/div>\n\n\n\n<div class=\"wp-block-uagb-forms-textarea uagb-forms-textarea-wrap uagb-forms-field-set uagb-block-614db5da\"><div class=\"uagb-forms-textarea-label required uagb-forms-input-label\" id=\"614db5da\">Message<\/div><textarea required class=\"uagb-forms-textarea-input uagb-forms-input\" rows=\"4\" placeholder=\"Saisissez votre message\" name=\"614db5da\" autocomplete=\"off\"><\/textarea><\/div>\n<div class=\"uagb-forms-form-hidden-data\"><input type=\"hidden\" class=\"uagb_forms_form_label\" value=\"Formulaire Spectra\"\/><input type=\"hidden\" class=\"uagb_forms_form_id\" value=\"uagb-form-ea696735\"\/><\/div><div class=\"uagb-form-reacaptcha-error-ea696735\"><\/div><div class=\"uagb-forms-main-submit-button-wrap wp-block-button\"><button class=\"uagb-forms-main-submit-button wp-block-button__link\"><div class=\"uagb-forms-main-submit-button-text\">Envoyer<\/div><\/button><\/div><\/form><div class=\"uagb-forms-success-message-ea696735 uagb-forms-submit-message-hide\"><span>Le formulaire a bien \u00e9t\u00e9 envoy\u00e9\u00a0!<\/span><\/div><div class=\"uagb-forms-failed-message-ea696735 uagb-forms-submit-message-hide\"><span>Une erreur s\u2019est produite lors de l\u2019envoi du formulaire. Veuillez v\u00e9rifier \u00e0 nouveau tous les champs du formulaire.<\/span><\/div><\/div>\n<\/div>\n<\/div>\n","protected":false},"excerpt":{"rendered":"<p>Nos Contacts ! +33 786994652contact@gitesaintchristophe.fr 595 Chemin des Abeilles,84110, VAISON LA ROMAINE Nous Rejoindre ! Laissez-nous un message !<\/p>\n","protected":false},"author":1,"featured_media":0,"parent":0,"menu_order":0,"comment_status":"closed","ping_status":"closed","template":"template-wide-page.php","meta":{"_uag_custom_page_level_css":"","footnotes":""},"class_list":["post-166","page","type-page","status-publish","hentry"],"uagb_featured_image_src":{"full":false,"thumbnail":false,"medium":false,"medium_large":false,"large":false,"1536x1536":false,"2048x2048":false,"post-thumbnail":false,"palmeria-cropped":false,"palmeria-thumbnail-cropped":false,"palmeria-square":false,"palmeria-x-large":false},"uagb_author_info":{"display_name":"admin","author_link":"https:\/\/gitesaintchristophe.fr\/author\/admin\/"},"uagb_comment_info":0,"uagb_excerpt":"Nos Contacts ! +33 786994652contact@gitesaintchristophe.fr 595 Chemin des Abeilles,84110, VAISON LA ROMAINE Nous Rejoindre ! Laissez-nous un message !","_links":{"self":[{"href":"https:\/\/gitesaintchristophe.fr\/index.php\/wp-json\/wp\/v2\/pages\/166","targetHints":{"allow":["GET"]}}],"collection":[{"href":"https:\/\/gitesaintchristophe.fr\/index.php\/wp-json\/wp\/v2\/pages"}],"about":[{"href":"https:\/\/gitesaintchristophe.fr\/index.php\/wp-json\/wp\/v2\/types\/page"}],"author":[{"embeddable":true,"href":"https:\/\/gitesaintchristophe.fr\/index.php\/wp-json\/wp\/v2\/users\/1"}],"replies":[{"embeddable":true,"href":"https:\/\/gitesaintchristophe.fr\/index.php\/wp-json\/wp\/v2\/comments?post=166"}],"version-history":[{"count":17,"href":"https:\/\/gitesaintchristophe.fr\/index.php\/wp-json\/wp\/v2\/pages\/166\/revisions"}],"predecessor-version":[{"id":1368,"href":"https:\/\/gitesaintchristophe.fr\/index.php\/wp-json\/wp\/v2\/pages\/166\/revisions\/1368"}],"wp:attachment":[{"href":"https:\/\/gitesaintchristophe.fr\/index.php\/wp-json\/wp\/v2\/media?parent=166"}],"curies":[{"name":"wp","href":"https:\/\/api.w.org\/{rel}","templated":true}]}}