{"id":826,"date":"2023-02-16T22:25:05","date_gmt":"2023-02-16T21:25:05","guid":{"rendered":"http:\/\/gitesas.cluster029.hosting.ovh.net\/?page_id=826"},"modified":"2023-07-13T15:46:32","modified_gmt":"2023-07-13T13:46:32","slug":"confort","status":"publish","type":"page","link":"https:\/\/gitesaintchristophe.fr\/index.php\/bienvenue\/confort\/","title":{"rendered":"Confort"},"content":{"rendered":"\n<p>Le jacuzzi derni\u00e8re g\u00e9n\u00e9ration est l&rsquo;endroit parfait pour se d\u00e9tendre et se relaxer, avec des jets d&rsquo;eau massants pour soulager les tensions musculaires et offrir une exp\u00e9rience de SPA compl\u00e8te. La terrasse priv\u00e9e offre un confort \u00e0 l\u2019abri des regards, elle est \u00e9galement \u00e9quip\u00e9e d&rsquo;un barbecue pour des soir\u00e9es conviviales en plein air. Les transats sont \u00e9galement \u00e0 disposition pour se pr\u00e9lasser au soleil et profiter du beau temps.<\/p>\n\n\n\n<p>Le t\u00e9l\u00e9viseur avec un compte Netflix offre une s\u00e9lection de films et de s\u00e9ries pour les soir\u00e9es de d\u00e9tente. La cuisine \u00e9quip\u00e9e offre tout le n\u00e9cessaire pour pr\u00e9parer des repas d\u00e9licieux \u00e0 d\u00e9guster sur la terrasse.<\/p>\n","protected":false},"excerpt":{"rendered":"<p>Le jacuzzi derni\u00e8re g\u00e9n\u00e9ration est l&rsquo;endroit parfait pour se d\u00e9tendre et se relaxer, avec des jets d&rsquo;eau massants pour soulager les tensions musculaires et offrir une exp\u00e9rience de SPA compl\u00e8te. La terrasse priv\u00e9e offre un confort \u00e0 l\u2019abri des regards, elle est \u00e9galement \u00e9quip\u00e9e d&rsquo;un barbecue pour des soir\u00e9es conviviales en plein air. Les transats [&hellip;]<\/p>\n","protected":false},"author":1,"featured_media":923,"parent":42,"menu_order":2,"comment_status":"closed","ping_status":"closed","template":"","meta":{"_uag_custom_page_level_css":"","footnotes":""},"class_list":["post-826","page","type-page","status-publish","has-post-thumbnail","hentry"],"uagb_featured_image_src":{"full":["https:\/\/gitesaintchristophe.fr\/wp-content\/uploads\/2023\/04\/IMG_7815.jpeg",2048,1536,false],"thumbnail":["https:\/\/gitesaintchristophe.fr\/wp-content\/uploads\/2023\/04\/IMG_7815-150x150.jpeg",150,150,true],"medium":["https:\/\/gitesaintchristophe.fr\/wp-content\/uploads\/2023\/04\/IMG_7815-300x225.jpeg",300,225,true],"medium_large":["https:\/\/gitesaintchristophe.fr\/wp-content\/uploads\/2023\/04\/IMG_7815-768x576.jpeg",672,504,true],"large":["https:\/\/gitesaintchristophe.fr\/wp-content\/uploads\/2023\/04\/IMG_7815-1024x768.jpeg",672,504,true],"1536x1536":["https:\/\/gitesaintchristophe.fr\/wp-content\/uploads\/2023\/04\/IMG_7815-1536x1152.jpeg",1536,1152,true],"2048x2048":["https:\/\/gitesaintchristophe.fr\/wp-content\/uploads\/2023\/04\/IMG_7815.jpeg",2048,1536,false],"post-thumbnail":["https:\/\/gitesaintchristophe.fr\/wp-content\/uploads\/2023\/04\/IMG_7815-892x669.jpeg",892,669,true],"palmeria-cropped":["https:\/\/gitesaintchristophe.fr\/wp-content\/uploads\/2023\/04\/IMG_7815-892x594.jpeg",892,594,true],"palmeria-thumbnail-cropped":["https:\/\/gitesaintchristophe.fr\/wp-content\/uploads\/2023\/04\/IMG_7815-150x100.jpeg",150,100,true],"palmeria-square":["https:\/\/gitesaintchristophe.fr\/wp-content\/uploads\/2023\/04\/IMG_7815-892x892.jpeg",892,892,true],"palmeria-x-large":["https:\/\/gitesaintchristophe.fr\/wp-content\/uploads\/2023\/04\/IMG_7815.jpeg",2048,1536,false]},"uagb_author_info":{"display_name":"admin","author_link":"https:\/\/gitesaintchristophe.fr\/author\/admin\/"},"uagb_comment_info":0,"uagb_excerpt":"Le jacuzzi derni\u00e8re g\u00e9n\u00e9ration est l&rsquo;endroit parfait pour se d\u00e9tendre et se relaxer, avec des jets d&rsquo;eau massants pour soulager les tensions musculaires et offrir une exp\u00e9rience de SPA compl\u00e8te. La terrasse priv\u00e9e offre un confort \u00e0 l\u2019abri des regards, elle est \u00e9galement \u00e9quip\u00e9e d&rsquo;un barbecue pour des soir\u00e9es conviviales en plein air. Les transats\u2026","_links":{"self":[{"href":"https:\/\/gitesaintchristophe.fr\/index.php\/wp-json\/wp\/v2\/pages\/826","targetHints":{"allow":["GET"]}}],"collection":[{"href":"https:\/\/gitesaintchristophe.fr\/index.php\/wp-json\/wp\/v2\/pages"}],"about":[{"href":"https:\/\/gitesaintchristophe.fr\/index.php\/wp-json\/wp\/v2\/types\/page"}],"author":[{"embeddable":true,"href":"https:\/\/gitesaintchristophe.fr\/index.php\/wp-json\/wp\/v2\/users\/1"}],"replies":[{"embeddable":true,"href":"https:\/\/gitesaintchristophe.fr\/index.php\/wp-json\/wp\/v2\/comments?post=826"}],"version-history":[{"count":4,"href":"https:\/\/gitesaintchristophe.fr\/index.php\/wp-json\/wp\/v2\/pages\/826\/revisions"}],"predecessor-version":[{"id":836,"href":"https:\/\/gitesaintchristophe.fr\/index.php\/wp-json\/wp\/v2\/pages\/826\/revisions\/836"}],"up":[{"embeddable":true,"href":"https:\/\/gitesaintchristophe.fr\/index.php\/wp-json\/wp\/v2\/pages\/42"}],"wp:featuredmedia":[{"embeddable":true,"href":"https:\/\/gitesaintchristophe.fr\/index.php\/wp-json\/wp\/v2\/media\/923"}],"wp:attachment":[{"href":"https:\/\/gitesaintchristophe.fr\/index.php\/wp-json\/wp\/v2\/media?parent=826"}],"curies":[{"name":"wp","href":"https:\/\/api.w.org\/{rel}","templated":true}]}}